{"id":163,"date":"2020-06-25T17:20:35","date_gmt":"2020-06-25T17:20:35","guid":{"rendered":"http:\/\/naturoots-holistico.com\/?page_id=163"},"modified":"2026-04-26T14:40:27","modified_gmt":"2026-04-26T14:40:27","slug":"lectura-de-tarot-en-linea","status":"publish","type":"page","link":"https:\/\/naturoots-holistico.com\/en\/lectura-de-tarot-en-linea\/","title":{"rendered":"Tarot reading online"},"content":{"rendered":"<p>[et_pb_section fb_built=\u00bb1&#8243; fullwidth=\u00bbon\u00bb _builder_version=\u00bb4.16&#8243; min_height_tablet=\u00bb\u00bb min_height_phone=\u00bb299px\u00bb min_height_last_edited=\u00bbon|phone\u00bb height_last_edited=\u00bboff|phone\u00bb global_colors_info=\u00bb{}\u00bb][et_pb_fullwidth_header title=\u00bbLectura de Tarot \u00bb background_overlay_color=\u00bbrgba(82,65,76,0.33)\u00bb _builder_version=\u00bb4.16&#8243; title_font=\u00bbAllura||||||||\u00bb title_text_align=\u00bbcenter\u00bb title_font_size=\u00bb79px\u00bb title_line_height=\u00bb1.9em\u00bb content_font_size=\u00bb29px\u00bb background_image=\u00bbhttp:\/\/naturoots-holistico.com\/wp-content\/uploads\/2020\/06\/rachel-tarot-b.jpg\u00bb background_size=\u00bbinitial\u00bb background_position=\u00bbtop_right\u00bb height=\u00bb273px\u00bb height_tablet=\u00bb\u00bb height_phone=\u00bb302px\u00bb height_last_edited=\u00bbon|phone\u00bb custom_padding=\u00bb||4px|||\u00bb title_font_size_tablet=\u00bb73px\u00bb title_font_size_phone=\u00bb3em\u00bb title_font_size_last_edited=\u00bbon|phone\u00bb background_last_edited=\u00bbon|phone\u00bb background_size_phone=\u00bbcover\u00bb background_position_tablet=\u00bbcenter\u00bb background_position_phone=\u00bbcenter_right\u00bb title_text_shadow_style=\u00bbpreset1&#8243; title_text_shadow_horizontal_length=\u00bb-0.01em\u00bb title_text_shadow_vertical_length=\u00bb-0.02em\u00bb title_text_shadow_blur_strength=\u00bb0.44em\u00bb title_text_shadow_color=\u00bb#59007c\u00bb global_colors_info=\u00bb{}\u00bb][\/et_pb_fullwidth_header][\/et_pb_section][et_pb_section fb_built=\u00bb1&#8243; _builder_version=\u00bb4.16&#8243; background_enable_color=\u00bboff\u00bb max_width=\u00bb1080px\u00bb module_alignment=\u00bbcenter\u00bb custom_margin=\u00bb0px|0px|0px|0px|true|true\u00bb custom_padding=\u00bb10px|30px||30px|false|true\u00bb global_colors_info=\u00bb{}\u00bb][et_pb_row _builder_version=\u00bb4.16&#8243; background_enable_color=\u00bboff\u00bb width=\u00bb100%\u00bb custom_margin=\u00bb15px|0px|2px|0px|false|true\u00bb custom_padding=\u00bb0px|0px|0px|0px|true|true\u00bb global_colors_info=\u00bb{}\u00bb][et_pb_column type=\u00bb4_4&#8243; _builder_version=\u00bb4.16&#8243; global_colors_info=\u00bb{}\u00bb][et_pb_image src=\u00bbhttp:\/\/naturoots-holistico.com\/wp-content\/uploads\/2026\/03\/wicca1.png\u00bb alt=\u00bbrachel tarot logo\u00bb title_text=\u00bbwicca1&#8243; _builder_version=\u00bb4.27.5&#8243; width=\u00bb100%\u00bb max_width=\u00bb110px\u00bb module_alignment=\u00bbcenter\u00bb custom_margin=\u00bb0px||7px||false|false\u00bb custom_padding=\u00bb0px||3px||false|false\u00bb global_colors_info=\u00bb{}\u00bb][\/et_pb_image][et_pb_text _builder_version=\u00bb4.27.6&#8243; header_2_text_align=\u00bbcenter\u00bb header_2_font_size=\u00bb33px\u00bb background_enable_color=\u00bboff\u00bb custom_margin=\u00bb|0px||0px|false|false\u00bb custom_padding=\u00bb4px|15px|0px|15px|false|true\u00bb global_colors_info=\u00bb{}\u00bb]<\/p>\n<h2 style=\"text-align: center;\"><span style=\"color: rgba(135, 50, 89, 0.81);\">\u00a0 \u00a0Lectura de Tarot en l\u00ednea\u00a0<\/span><\/h2>\n<p style=\"text-align: justify;\">\n<p>[\/et_pb_text][\/et_pb_column][\/et_pb_row][et_pb_row use_custom_gutter=\u00bbon\u00bb gutter_width=\u00bb1&#8243; custom_padding_last_edited=\u00bbon|phone\u00bb _builder_version=\u00bb4.16&#8243; background_enable_color=\u00bboff\u00bb width=\u00bb100%\u00bb custom_margin=\u00bb14px|0px|0px|0px|false|true\u00bb custom_padding=\u00bb0px|0px|0px|0px|true|true\u00bb custom_padding_tablet=\u00bb\u00bb custom_padding_phone=\u00bb0px|0px|0px|0px|true|true\u00bb global_colors_info=\u00bb{}\u00bb][et_pb_column type=\u00bb4_4&#8243; _builder_version=\u00bb4.16&#8243; global_colors_info=\u00bb{}\u00bb][et_pb_text _builder_version=\u00bb4.27.6&#8243; _module_preset=\u00bbdefault\u00bb global_colors_info=\u00bb{}\u00bb]<\/p>\n<p><span data-contrast=\"none\">Me presento, soy Rachel, leo las cartas de Tarot desde m\u00e1s de 30 a\u00f1os. El descubrimiento de la Astrolog\u00eda fue muy revelador, un punto de partida de entendimiento m\u00e1s elevado y conectado al mundo invisible. Mi fuerte sensibilidad e intuici\u00f3n me llevaron de manera org\u00e1nica hacia las cartas del Tarot. He aprendido su origen, su prop\u00f3sito y su lenguaje inconsciente y simb\u00f3lico.<\/span><span data-ccp-props=\"{&quot;134233117&quot;:false,&quot;134233118&quot;:false,&quot;335551550&quot;:6,&quot;335551620&quot;:6,&quot;335557856&quot;:16777215,&quot;335559738&quot;:0,&quot;335559739&quot;:0}\">\u00a0<\/span><\/p>\n<p><span data-contrast=\"none\">El Tarot es una gu\u00eda, un GPS espiritual. Es una herramienta de descubrimiento personal, intimo. Un viaje en nuestra sombra. Revela nuestro inconsciente para transmutarlo en luz y tener la oportunidad de evolucionar en nuestra encarnaci\u00f3n. Mi suporte magnifico es el tradicional \u201cTarot de Marsella\u201d, cual te aconseja con grande claridad, poni\u00e9ndote en acci\u00f3n frente a tus dificultades y dudas. Con \u00e9l, entras en tu Viaje Inici\u00e1tico Espiritual.<\/span><span data-ccp-props=\"{&quot;134233117&quot;:false,&quot;134233118&quot;:false,&quot;335551550&quot;:6,&quot;335551620&quot;:6,&quot;335557856&quot;:16777215,&quot;335559738&quot;:0,&quot;335559739&quot;:0}\">\u00a0<\/span><\/p>\n<p><span data-contrast=\"none\">Acompa\u00f1o a las personas en su\u00a0entero mapa personal.<\/span><span data-ccp-props=\"{&quot;134233117&quot;:false,&quot;134233118&quot;:false,&quot;335551550&quot;:6,&quot;335551620&quot;:6,&quot;335557856&quot;:16777215,&quot;335559738&quot;:0,&quot;335559739&quot;:0}\">\u00a0<\/span><\/p>\n<p><span data-contrast=\"none\">Espero que mi conocimiento en el Arte del Tarot que ejerzo con mucha sinceridad, espontaneidad y alegr\u00eda por la verdad,\u00a0te ser\u00e1 \u00fatil para tu esp\u00edritu y alma\u00a0como lo fue para\u00a0m\u00ed.<\/span><span data-ccp-props=\"{&quot;134233117&quot;:false,&quot;134233118&quot;:false,&quot;335551550&quot;:6,&quot;335551620&quot;:6,&quot;335557856&quot;:16777215,&quot;335559738&quot;:0,&quot;335559739&quot;:0}\">\u00a0<\/span><\/p>\n<p><span data-contrast=\"none\">Bendiciones<\/span><span data-ccp-props=\"{&quot;134233117&quot;:false,&quot;134233118&quot;:false,&quot;335551550&quot;:6,&quot;335551620&quot;:6,&quot;335557856&quot;:16777215,&quot;335559738&quot;:0,&quot;335559739&quot;:0}\">\u00a0<\/span><\/p>\n<p><span data-ccp-props=\"{}\">\u00a0<\/span><\/p>\n<p>[\/et_pb_text][\/et_pb_column][\/et_pb_row][et_pb_row column_structure=\u00bb2_5,3_5&#8243; use_custom_gutter=\u00bbon\u00bb gutter_width=\u00bb1&#8243; custom_padding_last_edited=\u00bbon|phone\u00bb _builder_version=\u00bb4.16&#8243; background_color=\u00bb#fcfcfc\u00bb width=\u00bb100%\u00bb max_width=\u00bb653px\u00bb custom_margin=\u00bb20px|auto|0px|auto|false|true\u00bb custom_margin_tablet=\u00bb\u00bb custom_margin_phone=\u00bb40px|0px|0px|0px|false|true\u00bb custom_margin_last_edited=\u00bbon|phone\u00bb custom_padding=\u00bb10px|20px|10px|20px|true|true\u00bb custom_padding_tablet=\u00bb\u00bb custom_padding_phone=\u00bb|0px||0px|true|true\u00bb border_radii=\u00bboff|20px|2px|20px|2px\u00bb border_width_all=\u00bb2px\u00bb border_color_all=\u00bb#dbc5bd\u00bb global_colors_info=\u00bb{}\u00bb][et_pb_column type=\u00bb2_5&#8243; _builder_version=\u00bb4.16&#8243; global_colors_info=\u00bb{}\u00bb][et_pb_image src=\u00bbhttp:\/\/naturoots-holistico.com\/wp-content\/uploads\/2020\/07\/circle-cropped.png\u00bb alt=\u00bbrachel tarot\u00bb title_text=\u00bbcircle-cropped\u00bb align=\u00bbcenter\u00bb _builder_version=\u00bb4.16&#8243; custom_margin=\u00bb0px||0px||true|false\u00bb custom_margin_tablet=\u00bb\u00bb custom_margin_phone=\u00bb12px||5px||false|false\u00bb custom_margin_last_edited=\u00bbon|phone\u00bb custom_padding=\u00bb10px||10px||true|false\u00bb custom_padding_tablet=\u00bb\u00bb custom_padding_phone=\u00bb\u00bb custom_padding_last_edited=\u00bbon|phone\u00bb global_colors_info=\u00bb{}\u00bb][\/et_pb_image][\/et_pb_column][et_pb_column type=\u00bb3_5&#8243; _builder_version=\u00bb4.16&#8243; global_colors_info=\u00bb{}\u00bb][et_pb_text _builder_version=\u00bb4.16&#8243; text_font=\u00bbDancing Script||||||||\u00bb text_font_size=\u00bb30px\u00bb custom_padding=\u00bb55px||29px||false|false\u00bb custom_padding_tablet=\u00bb\u00bb custom_padding_phone=\u00bb10px||29px||false|false\u00bb custom_padding_last_edited=\u00bbon|phone\u00bb global_colors_info=\u00bb{}\u00bb]<\/p>\n<p style=\"text-align: center;\">\u00a1Hola! Soy Rachel, tu terapeuta en naturopat\u00eda hol\u00edstica y tarotista, te acompa\u00f1o en este viaje m\u00e1gico<\/p>\n<p>[\/et_pb_text][\/et_pb_column][\/et_pb_row][et_pb_row _builder_version=\u00bb4.27.5&#8243; _module_preset=\u00bbdefault\u00bb global_colors_info=\u00bb{}\u00bb][et_pb_column type=\u00bb4_4&#8243; _builder_version=\u00bb4.27.5&#8243; _module_preset=\u00bbdefault\u00bb global_colors_info=\u00bb{}\u00bb][et_pb_heading title=\u00bbEnv\u00edame un mensaje para m\u00e1s informaciones\u00bb _builder_version=\u00bb4.27.5&#8243; _module_preset=\u00bbdefault\u00bb global_colors_info=\u00bb{}\u00bb][\/et_pb_heading][et_pb_contact_form _builder_version=\u00bb4.27.5&#8243; _module_preset=\u00bbdefault\u00bb _unique_id=\u00bb49826015-6446-4759-b245-e3e9af1ef4f5&#8243; global_colors_info=\u00bb{}\u00bb][et_pb_contact_field field_id=\u00bbName\u00bb field_title=\u00bbNombre\u00bb _builder_version=\u00bb4.16&#8243; global_colors_info=\u00bb{}\u00bb button_text_size__hover_enabled=\u00bboff\u00bb button_one_text_size__hover_enabled=\u00bboff\u00bb button_two_text_size__hover_enabled=\u00bboff\u00bb button_text_color__hover_enabled=\u00bboff\u00bb button_one_text_color__hover_enabled=\u00bboff\u00bb button_two_text_color__hover_enabled=\u00bboff\u00bb button_border_width__hover_enabled=\u00bboff\u00bb button_one_border_width__hover_enabled=\u00bboff\u00bb button_two_border_width__hover_enabled=\u00bboff\u00bb button_border_color__hover_enabled=\u00bboff\u00bb button_one_border_color__hover_enabled=\u00bboff\u00bb button_two_border_color__hover_enabled=\u00bboff\u00bb button_border_radius__hover_enabled=\u00bboff\u00bb button_one_border_radius__hover_enabled=\u00bboff\u00bb button_two_border_radius__hover_enabled=\u00bboff\u00bb button_letter_spacing__hover_enabled=\u00bboff\u00bb button_one_letter_spacing__hover_enabled=\u00bboff\u00bb button_two_letter_spacing__hover_enabled=\u00bboff\u00bb button_bg_color__hover_enabled=\u00bboff\u00bb button_one_bg_color__hover_enabled=\u00bboff\u00bb button_two_bg_color__hover_enabled=\u00bboff\u00bb][\/et_pb_contact_field][et_pb_contact_field field_id=\u00bbEmail\u00bb field_title=\u00bbDirecci\u00f3n de correo electr\u00f3nico\u00bb field_type=\u00bbemail\u00bb _builder_version=\u00bb4.16&#8243; global_colors_info=\u00bb{}\u00bb button_text_size__hover_enabled=\u00bboff\u00bb button_one_text_size__hover_enabled=\u00bboff\u00bb button_two_text_size__hover_enabled=\u00bboff\u00bb button_text_color__hover_enabled=\u00bboff\u00bb button_one_text_color__hover_enabled=\u00bboff\u00bb button_two_text_color__hover_enabled=\u00bboff\u00bb button_border_width__hover_enabled=\u00bboff\u00bb button_one_border_width__hover_enabled=\u00bboff\u00bb button_two_border_width__hover_enabled=\u00bboff\u00bb button_border_color__hover_enabled=\u00bboff\u00bb button_one_border_color__hover_enabled=\u00bboff\u00bb button_two_border_color__hover_enabled=\u00bboff\u00bb button_border_radius__hover_enabled=\u00bboff\u00bb button_one_border_radius__hover_enabled=\u00bboff\u00bb button_two_border_radius__hover_enabled=\u00bboff\u00bb button_letter_spacing__hover_enabled=\u00bboff\u00bb button_one_letter_spacing__hover_enabled=\u00bboff\u00bb button_two_letter_spacing__hover_enabled=\u00bboff\u00bb button_bg_color__hover_enabled=\u00bboff\u00bb button_one_bg_color__hover_enabled=\u00bboff\u00bb button_two_bg_color__hover_enabled=\u00bboff\u00bb][\/et_pb_contact_field][et_pb_contact_field field_id=\u00bbcountry\u00bb field_title=\u00bbPa\u00eds de residencia\u00bb fullwidth_field=\u00bbon\u00bb _builder_version=\u00bb4.27.5&#8243; _module_preset=\u00bbdefault\u00bb global_colors_info=\u00bb{}\u00bb][\/et_pb_contact_field][et_pb_contact_field field_id=\u00bbMessage\u00bb field_title=\u00bbMensaje\u00bb field_type=\u00bbtext\u00bb fullwidth_field=\u00bbon\u00bb _builder_version=\u00bb4.16&#8243; global_colors_info=\u00bb{}\u00bb button_text_size__hover_enabled=\u00bboff\u00bb button_one_text_size__hover_enabled=\u00bboff\u00bb button_two_text_size__hover_enabled=\u00bboff\u00bb button_text_color__hover_enabled=\u00bboff\u00bb button_one_text_color__hover_enabled=\u00bboff\u00bb button_two_text_color__hover_enabled=\u00bboff\u00bb button_border_width__hover_enabled=\u00bboff\u00bb button_one_border_width__hover_enabled=\u00bboff\u00bb button_two_border_width__hover_enabled=\u00bboff\u00bb button_border_color__hover_enabled=\u00bboff\u00bb button_one_border_color__hover_enabled=\u00bboff\u00bb button_two_border_color__hover_enabled=\u00bboff\u00bb button_border_radius__hover_enabled=\u00bboff\u00bb button_one_border_radius__hover_enabled=\u00bboff\u00bb button_two_border_radius__hover_enabled=\u00bboff\u00bb button_letter_spacing__hover_enabled=\u00bboff\u00bb button_one_letter_spacing__hover_enabled=\u00bboff\u00bb button_two_letter_spacing__hover_enabled=\u00bboff\u00bb button_bg_color__hover_enabled=\u00bboff\u00bb button_one_bg_color__hover_enabled=\u00bboff\u00bb button_two_bg_color__hover_enabled=\u00bboff\u00bb][\/et_pb_contact_field][\/et_pb_contact_form][\/et_pb_column][\/et_pb_row][et_pb_row use_custom_gutter=\u00bbon\u00bb gutter_width=\u00bb1&#8243; _builder_version=\u00bb4.16&#8243; background_color=\u00bb#f2f2f2&#8243; width=\u00bb100%\u00bb custom_margin=\u00bb18px|0px|18px|0px|true|true\u00bb custom_margin_tablet=\u00bb\u00bb custom_margin_phone=\u00bb0px||||false|true\u00bb custom_margin_last_edited=\u00bbon|phone\u00bb custom_padding=\u00bb20px|1em|20px|1em|false|true\u00bb global_colors_info=\u00bb{}\u00bb][et_pb_column type=\u00bb4_4&#8243; _builder_version=\u00bb4.16&#8243; global_colors_info=\u00bb{}\u00bb][et_pb_text content_tablet=\u00bb<\/p>\n<h3 style=%22text-align: left;%22>\u00c1rea de pago<\/h3>\n<p>\u00bb content_phone=\u00bb<\/p>\n<h3 style=%22text-align: center;%22>\u00c1rea de pago<\/h3>\n<p>\u00bb content_last_edited=\u00bbon|desktop\u00bb _builder_version=\u00bb4.16&#8243; header_font=\u00bb||||||||\u00bb header_text_color=\u00bb#cfedde\u00bb header_font_size=\u00bb22px\u00bb header_3_font=\u00bbAbril Fatface||||||||\u00bb header_3_text_align=\u00bbcenter\u00bb header_3_text_color=\u00bb#606060&#8243; header_3_font_size=\u00bb28px\u00bb background_enable_color=\u00bboff\u00bb text_orientation=\u00bbcenter\u00bb custom_margin=\u00bb|0px|0px|0px|false|false\u00bb custom_padding=\u00bb20px|13px|10px|13px|false|true\u00bb header_3_font_size_tablet=\u00bb\u00bb header_3_font_size_phone=\u00bb\u00bb header_3_font_size_last_edited=\u00bbon|phone\u00bb border_width_bottom=\u00bb1px\u00bb border_color_bottom=\u00bb#e8e8e8&#8243; global_colors_info=\u00bb{}\u00bb]<\/p>\n<h3 style=\"text-align: left;\">\u00c1rea de pago<\/h3>\n<p>[\/et_pb_text][et_pb_text content_tablet=\u00bb<\/p>\n<p><a href=%22https:\/\/www.paypal.me\/racange\/%22><img src=%22http:\/\/naturoots-holistico.com\/wp-content\/uploads\/2020\/07\/btn-paypal22.png%22 width=%22195%22 height=%2245%22 alt=%22btn-paypal%22 class=%22wp-image-488 alignnone size-full%22 \/><\/a><\/p>\n<p>\u00bb content_phone=\u00bb<\/p>\n<p style=%22text-align: left;%22><a href=%22https:\/\/www.paypal.me\/racange\/%22><img src=%22http:\/\/naturoots-holistico.com\/wp-content\/uploads\/2020\/07\/btn-paypal22.png%22 width=%22282%22 height=%2265%22 alt=%22btn-paypal%22 class=%22wp-image-488 alignnone size-full%22 style=%22display: block; margin-left: auto; margin-right: auto;%22 \/><\/a><\/p>\n<p>\u00bb content_last_edited=\u00bbon|tablet\u00bb _builder_version=\u00bb4.16&#8243; custom_margin=\u00bb5px||||false|false\u00bb custom_padding=\u00bb0px||||false|false\u00bb global_colors_info=\u00bb{}\u00bb content__hover_enabled=\u00bboff|desktop\u00bb]<\/p>\n<p><a href=\"https:\/\/www.paypal.me\/racange\/\"><img decoding=\"async\" src=\"http:\/\/naturoots-holistico.com\/wp-content\/uploads\/2020\/07\/btn-paypal22.png\" width=\"195\" height=\"45\" alt=\"btn-paypal\" class=\"wp-image-488 alignnone size-full\" \/><\/a><\/p>\n<p>[\/et_pb_text][\/et_pb_column][\/et_pb_row][et_pb_row _builder_version=\u00bb4.16&#8243; background_enable_color=\u00bboff\u00bb width=\u00bb100%\u00bb custom_margin=\u00bb60px|0px|0px|0px|false|true\u00bb custom_padding=\u00bb0px|0px|0px|0px|true|true\u00bb global_colors_info=\u00bb{}\u00bb][et_pb_column type=\u00bb4_4&#8243; _builder_version=\u00bb4.16&#8243; global_colors_info=\u00bb{}\u00bb][et_pb_text _builder_version=\u00bb4.27.0&#8243; global_colors_info=\u00bb{}\u00bb]<\/p>\n<h2 style=\"text-align: center;\">Descubre \u00abRachel Tarot\u00bb, mi canal de Tarot en Youtube<\/h2>\n<p>[\/et_pb_text][et_pb_video_slider _builder_version=\u00bb4.27.6&#8243; custom_padding=\u00bb|60px||60px|false|true\u00bb custom_padding_tablet=\u00bb\u00bb custom_padding_phone=\u00bb|0px||0px|false|true\u00bb custom_padding_last_edited=\u00bbon|phone\u00bb hover_enabled=\u00bb0&#8243; border_radii=\u00bbon|3px|3px|3px|3px\u00bb global_colors_info=\u00bb{}\u00bb sticky_enabled=\u00bb0&#8243;][et_pb_video_slider_item src=\u00bbhttps:\/\/www.youtube.com\/watch?v=o2HShbizDWA\u00bb _builder_version=\u00bb4.27.6&#8243; _module_preset=\u00bbdefault\u00bb show_image_overlay=\u00bboff\u00bb hover_enabled=\u00bb0&#8243; sticky_enabled=\u00bb0&#8243;][\/et_pb_video_slider_item][et_pb_video_slider_item src=\u00bbhttps:\/\/www.youtube.com\/watch?v=G4zv48i-EEI\u00bb _builder_version=\u00bb4.27.6&#8243; _module_preset=\u00bbdefault\u00bb global_colors_info=\u00bb{}\u00bb show_image_overlay=\u00bboff\u00bb][\/et_pb_video_slider_item][et_pb_video_slider_item src=\u00bbhttps:\/\/www.youtube.com\/watch?v=2uZJXwnNfKs\u00bb _builder_version=\u00bb4.27.5&#8243; _module_preset=\u00bbdefault\u00bb global_colors_info=\u00bb{}\u00bb show_image_overlay=\u00bboff\u00bb][\/et_pb_video_slider_item][et_pb_video_slider_item src=\u00bbhttps:\/\/www.youtube.com\/watch?v=tDJlaYDMnDQ\u00bb _builder_version=\u00bb4.27.5&#8243; _module_preset=\u00bbdefault\u00bb global_colors_info=\u00bb{}\u00bb show_image_overlay=\u00bboff\u00bb][\/et_pb_video_slider_item][et_pb_video_slider_item src=\u00bbhttps:\/\/www.youtube.com\/watch?v=ljc6M-m7_9Y\u00bb _builder_version=\u00bb4.27.5&#8243; _module_preset=\u00bbdefault\u00bb global_colors_info=\u00bb{}\u00bb show_image_overlay=\u00bboff\u00bb][\/et_pb_video_slider_item][et_pb_video_slider_item src=\u00bbhttps:\/\/www.youtube.com\/watch?v=JMhSzOK6uFk\u00bb _builder_version=\u00bb4.27.4&#8243; _module_preset=\u00bbdefault\u00bb global_colors_info=\u00bb{}\u00bb show_image_overlay=\u00bboff\u00bb][\/et_pb_video_slider_item][et_pb_video_slider_item src=\u00bbhttps:\/\/www.youtube.com\/watch?v=V-_IZY7C-7E\u00bb _builder_version=\u00bb4.27.4&#8243; _module_preset=\u00bbdefault\u00bb global_colors_info=\u00bb{}\u00bb show_image_overlay=\u00bboff\u00bb][\/et_pb_video_slider_item][et_pb_video_slider_item src=\u00bbhttps:\/\/www.youtube.com\/watch?v=jvqcd4Re3-U\u00bb _builder_version=\u00bb4.27.4&#8243; _module_preset=\u00bbdefault\u00bb global_colors_info=\u00bb{}\u00bb show_image_overlay=\u00bboff\u00bb][\/et_pb_video_slider_item][et_pb_video_slider_item src=\u00bbhttps:\/\/www.youtube.com\/watch?v=kuIbq54rUdA\u00bb _builder_version=\u00bb4.27.4&#8243; _module_preset=\u00bbdefault\u00bb global_colors_info=\u00bb{}\u00bb show_image_overlay=\u00bboff\u00bb][\/et_pb_video_slider_item][\/et_pb_video_slider][\/et_pb_column][\/et_pb_row][et_pb_row column_structure=\u00bb1_4,3_4&#8243; use_custom_gutter=\u00bbon\u00bb gutter_width=\u00bb1&#8243; custom_padding_last_edited=\u00bbon|phone\u00bb _builder_version=\u00bb4.16&#8243; background_color=\u00bb#f1f1f1&#8243; width=\u00bb100%\u00bb custom_margin=\u00bb20px||||false|false\u00bb custom_padding=\u00bb35px|55px||55px|false|true\u00bb custom_padding_tablet=\u00bb\u00bb custom_padding_phone=\u00bb|30px||30px|false|true\u00bb border_radii=\u00bbon|5px|5px|5px|5px\u00bb border_width_all=\u00bb1px\u00bb border_color_all=\u00bb#f9f9f9&#8243; global_colors_info=\u00bb{}\u00bb][et_pb_column type=\u00bb1_4&#8243; _builder_version=\u00bb4.16&#8243; global_colors_info=\u00bb{}\u00bb][et_pb_image src=\u00bbhttp:\/\/naturoots-holistico.com\/wp-content\/uploads\/2026\/03\/wicca1-1.png\u00bb alt=\u00bbrachel tarot logo\u00bb title_text=\u00bbwicca1&#8243; show_bottom_space=\u00bboff\u00bb _builder_version=\u00bb4.27.5&#8243; background_color=\u00bb#f1f1f1&#8243; width=\u00bb47%\u00bb max_width=\u00bb198px\u00bb module_alignment=\u00bbcenter\u00bb custom_margin_tablet=\u00bb\u00bb custom_margin_phone=\u00bb-45px|1px|2px||false|false\u00bb custom_margin_last_edited=\u00bbon|tablet\u00bb custom_padding=\u00bb|||2px|true|false\u00bb custom_padding_tablet=\u00bb\u00bb custom_padding_phone=\u00bb26px|0px|26px||true|false\u00bb custom_padding_last_edited=\u00bbon|phone\u00bb global_colors_info=\u00bb{}\u00bb][\/et_pb_image][\/et_pb_column][et_pb_column type=\u00bb3_4&#8243; _builder_version=\u00bb4.16&#8243; global_colors_info=\u00bb{}\u00bb][et_pb_text content_tablet=\u00bb\u00bb content_phone=\u00bb<\/p>\n<h4 style=%22text-align: justify;%22><span style=%22color: rgba(91, 33, 58, 0.81);%22><em>Rachel Tarot<\/em><\/span><\/h4>\n<p style=%22text-align: left;%22><em>Con mucha simplicidad y honestidad, uso esta plataforma para compartir con ustedes los mensajes de las cartas de tarot para ayudarnos a concienciar las energ\u00edas que nos rodean. Mi deseo es ayudarnos a crecer en nuestra vida cotidiana descubriendo (o re descubriendo) nuestros potenciales internos y as\u00ed poder desarrollarlos.<\/em><\/p>\n<p>\u00bb content_last_edited=\u00bbon|phone\u00bb _builder_version=\u00bb4.27.6&#8243; header_4_font=\u00bbRoboto||||||||\u00bb custom_padding=\u00bb|0px||||\u00bb global_colors_info=\u00bb{}\u00bb]<\/p>\n<h4 style=\"text-align: justify;\"><em><span style=\"color: rgba(158, 42, 90, 0.81);\">Rachel Tarot<\/span><\/em><\/h4>\n<p style=\"text-align: justify;\"><em>Con mucha simplicidad y honestidad, uso esta plataforma para compartir con ustedes los mensajes de las cartas de Tarot para ayudarnos a concienciar las energ\u00edas que nos rodean. Mi deseo es ayudarnos a crecer en nuestra vida cotidiana descubriendo o re descubriendo nuestros potenciales internos y as\u00ed poder desarrollarlos.<\/em><\/p>\n<p>[\/et_pb_text][et_pb_social_media_follow follow_button=\u00bbon\u00bb _builder_version=\u00bb4.16&#8243; custom_margin=\u00bb15px||||false|false\u00bb global_colors_info=\u00bb{}\u00bb][et_pb_social_media_follow_network social_network=\u00bbyoutube\u00bb url=\u00bbhttps:\/\/www.youtube.com\/channel\/UC9c35OEu9iyXvUoSY5Mm1uA\u00bb _builder_version=\u00bb4.16&#8243; background_color=\u00bb#a82400&#8243; global_colors_info=\u00bb{}\u00bb follow_button=\u00bbon\u00bb url_new_window=\u00bbon\u00bb]youtube[\/et_pb_social_media_follow_network][\/et_pb_social_media_follow][\/et_pb_column][\/et_pb_row][\/et_pb_section]<\/p>\n","protected":false},"excerpt":{"rendered":"<p>\u00a0 \u00a0Lectura de Tarot en l\u00ednea\u00a0 Me presento, soy Rachel, leo las cartas de Tarot desde m\u00e1s de 30 a\u00f1os. El descubrimiento de la Astrolog\u00eda fue muy revelador, un punto de partida de entendimiento m\u00e1s elevado y conectado al mundo invisible. Mi fuerte sensibilidad e intuici\u00f3n me llevaron de manera org\u00e1nica hacia las cartas del [&hellip;]<\/p>\n","protected":false},"author":1,"featured_media":0,"parent":0,"menu_order":0,"comment_status":"closed","ping_status":"closed","template":"","meta":{"_et_pb_use_builder":"on","_et_pb_old_content":"","_et_gb_content_width":"","footnotes":""},"class_list":["post-163","page","type-page","status-publish","hentry"],"aioseo_notices":[],"_links":{"self":[{"href":"https:\/\/naturoots-holistico.com\/en\/wp-json\/wp\/v2\/pages\/163","targetHints":{"allow":["GET"]}}],"collection":[{"href":"https:\/\/naturoots-holistico.com\/en\/wp-json\/wp\/v2\/pages"}],"about":[{"href":"https:\/\/naturoots-holistico.com\/en\/wp-json\/wp\/v2\/types\/page"}],"author":[{"embeddable":true,"href":"https:\/\/naturoots-holistico.com\/en\/wp-json\/wp\/v2\/users\/1"}],"replies":[{"embeddable":true,"href":"https:\/\/naturoots-holistico.com\/en\/wp-json\/wp\/v2\/comments?post=163"}],"version-history":[{"count":206,"href":"https:\/\/naturoots-holistico.com\/en\/wp-json\/wp\/v2\/pages\/163\/revisions"}],"predecessor-version":[{"id":6173,"href":"https:\/\/naturoots-holistico.com\/en\/wp-json\/wp\/v2\/pages\/163\/revisions\/6173"}],"wp:attachment":[{"href":"https:\/\/naturoots-holistico.com\/en\/wp-json\/wp\/v2\/media?parent=163"}],"curies":[{"name":"wp","href":"https:\/\/api.w.org\/{rel}","templated":true}]}}